{"id":14,"date":"2020-06-01T15:38:06","date_gmt":"2020-06-01T15:38:06","guid":{"rendered":"http:\/\/as-disco.eu\/?page_id=14"},"modified":"2025-12-10T11:40:34","modified_gmt":"2025-12-10T11:40:34","slug":"contacto","status":"publish","type":"page","link":"https:\/\/as-disco.eu\/fr\/contacto\/","title":{"rendered":"Contactez-nous"},"content":{"rendered":"<p>AERTEC<\/p>\n\n\n\n<p>Juan L\u00f3pez Pe\u00f1alver, 17<\/p>\n\n\n\n<p>29590 M\u00e1laga &#8211; Spain<\/p>\n\n\n\n<p><a href=\"mailto:rd@aertecsolutions.com\">rd@aertecsolutions.com<\/a><\/p>","protected":false},"excerpt":{"rendered":"<p>AERTEC Juan L\u00f3pez Pe\u00f1alver, 17 29590 M\u00e1laga &#8211; Spain rd@aertecsolutions.com<\/p>","protected":false},"author":1,"featured_media":57,"parent":0,"menu_order":0,"comment_status":"closed","ping_status":"closed","template":"","meta":{"neve_meta_sidebar":"","neve_meta_container":"","neve_meta_enable_content_width":"","neve_meta_content_width":0,"neve_meta_title_alignment":"","neve_meta_author_avatar":"","neve_post_elements_order":"","neve_meta_disable_header":"","neve_meta_disable_footer":"","neve_meta_disable_title":"","footnotes":""},"class_list":["post-14","page","type-page","status-publish","has-post-thumbnail","hentry"],"_links":{"self":[{"href":"https:\/\/as-disco.eu\/fr\/wp-json\/wp\/v2\/pages\/14","targetHints":{"allow":["GET"]}}],"collection":[{"href":"https:\/\/as-disco.eu\/fr\/wp-json\/wp\/v2\/pages"}],"about":[{"href":"https:\/\/as-disco.eu\/fr\/wp-json\/wp\/v2\/types\/page"}],"author":[{"embeddable":true,"href":"https:\/\/as-disco.eu\/fr\/wp-json\/wp\/v2\/users\/1"}],"replies":[{"embeddable":true,"href":"https:\/\/as-disco.eu\/fr\/wp-json\/wp\/v2\/comments?post=14"}],"version-history":[{"count":3,"href":"https:\/\/as-disco.eu\/fr\/wp-json\/wp\/v2\/pages\/14\/revisions"}],"predecessor-version":[{"id":106,"href":"https:\/\/as-disco.eu\/fr\/wp-json\/wp\/v2\/pages\/14\/revisions\/106"}],"wp:featuredmedia":[{"embeddable":true,"href":"https:\/\/as-disco.eu\/fr\/wp-json\/wp\/v2\/media\/57"}],"wp:attachment":[{"href":"https:\/\/as-disco.eu\/fr\/wp-json\/wp\/v2\/media?parent=14"}],"curies":[{"name":"wp","href":"https:\/\/api.w.org\/{rel}","templated":true}]}}