{"id":40,"date":"2020-06-26T05:38:30","date_gmt":"2020-06-26T05:38:30","guid":{"rendered":"http:\/\/as-disco.eu\/?page_id=40"},"modified":"2025-12-10T11:40:33","modified_gmt":"2025-12-10T11:40:33","slug":"as-disco","status":"publish","type":"page","link":"https:\/\/as-disco.eu\/fr\/","title":{"rendered":"AS DISCO"},"content":{"rendered":"<p><strong>Suite audio pour un d\u00e9monstrateur de cockpit disruptif<\/strong><\/p>\n\n\n\n<p class=\"translation-block\">De la voiture sans chauffeur \u00e0 l\u2019avion sans pilote, les efforts d\u00e9ploy\u00e9s par l\u2019industrie automobile pour lancer des v\u00e9hicules avec <strong>une plus grande autonomie<\/strong> gagnent peu \u00e0 peu l\u2019a\u00e9ronautique. La prochaine g\u00e9n\u00e9ration d'avions impliquera une plus grande utilisation de la technologie dans le cockpit, permettant au pilote de se concentrer sur les t\u00e2ches o\u00f9 le jugement, l'exp\u00e9rience et les comp\u00e9tences humaines sont n\u00e9cessaires.<\/p>\n\n\n\n<p class=\"translation-block\">Le projet AS-DISCO, financ\u00e9 par l'UE, travaille sur <strong>une solution destin\u00e9e \u00e0 r\u00e9duire la charge de travail de l\u2019\u00e9quipage, \u00e0 am\u00e9liorer l\u2019appr\u00e9ciation de la situation par le pilote et \u00e0 mettre en place des op\u00e9rations disruptives et innovantes au sein m\u00eame du cockpit<\/strong>. R\u00e9volutionnant la conception classique des a\u00e9ronefs, le projet aura pour principal objectif d'automatiser les proc\u00e9dures du cockpit gr\u00e2ce \u00e0 l'int\u00e9gration d'interfaces homme-machine (IHM) multimodales innovantes, c'est-\u00e0-dire la partie visuelle et sonore de l'affichage du cockpit.<\/p>\n\n\n\n<h4 class=\"wp-block-heading\">Objectifs<\/h4>\n\n\n\n<p class=\"translation-block\">Cette proposition r\u00e9pond \u00e0 l'appel \u00e0 propositions identifi\u00e9e par le code JTI-CS2-2018-CfP09-LPA-03-17, qui appartient au programme europ\u00e9en Clean Sky 2. La proposition pr\u00e9sente le projet AS-DISCO dont l'objectif principal est de <strong>d\u00e9finir et de mettre en \u0153uvre le concept IMA pour le Manager des communications audio<\/strong>.<\/p>\n\n\n\n<p class=\"translation-block\">Ce projet contribuera par cons\u00e9quent \u00e0 la <strong>validation de nouveaux concepts de cockpit d'avion<\/strong> innovants et disruptifs sur la plate-forme LPA 3, en construisant une application pour le d\u00e9monstrateur int\u00e9gr\u00e9, o\u00f9 plusieurs fonctions avioniques innovantes, ainsi que des technologies d'interface modernes, sont en cours de d\u00e9veloppement. Par cons\u00e9quent, le projet AS-DISCO r\u00e9pond \u00e0 l'objectif de Clean Sky de r\u00e9duire la charge de travail de l'\u00e9quipage de conduite, d'am\u00e9liorer la conscience situationnelle du pilote et de soutenir les op\u00e9rations perturbatrices et innovantes du cockpit.<br><br>\nPour r\u00e9aliser l'objectif sp\u00e9cifique de ce projet qui est d'atteindre le TRL6 de la technologie logicielle permettant de r\u00e9pondre \u00e0 la fonctionnalit\u00e9 souhait\u00e9e pendant l'int\u00e9gration sur le banc DISCO ; AS-DISCO prendra en compte les objectifs de Clean Sky tels que l'int\u00e9gration dans une interface homme-machine (IHM) multimodale innovante, bas\u00e9e sur des fonctions visuelles, tactiles, vocales, ... et num\u00e9riques innovantes pour la gestion audio afin d'offrir la robustesse, la flexibilit\u00e9 et la polyvalence n\u00e9cessaires, et de les adapter \u00e0 la nouvelle g\u00e9n\u00e9ration de syst\u00e8mes.<br><br>\nAS-DISCO propos\u00e9 par AERTEC, est une solution logicielle construite sur plusieurs partitions conformes ARINC-653 et bas\u00e9e sur le mod\u00e8le de communication Publish-Subscribe pour le routage des donn\u00e9es et des paquets r\u00e9seau. La fonctionnalit\u00e9 fournie par la solution de routage propos\u00e9e sera bas\u00e9e sur l'utilisation de tables de routage d\u00e9finies statiquement pour d\u00e9terminer le chemin des donn\u00e9es de communication point \u00e0 point ou point \u00e0 multipoint. Le d\u00e9veloppement AERTEC AS-DISCO sera int\u00e9gr\u00e9 aux syst\u00e8mes distants, tels que l'IHM, les syst\u00e8mes de cabine, etc. Avec seulement la n\u00e9cessit\u00e9 de mettre \u00e0 jour les tables de routage statiques, l'IDL associ\u00e9 et l'inclusion des pilotes de syst\u00e8me d'exploitation correspondants.\nSelon les exigences et les sp\u00e9cifications \u00e9tablies par le Topic Manager, AERTEC d\u00e9veloppera une s\u00e9rie de mod\u00e8les pour v\u00e9rifier le comportement correct et la r\u00e9ponse du syst\u00e8me \u00e0 diff\u00e9rents sc\u00e9narios \u00e0 l'aide des outils MBSE, d'abord au niveau TRL5. AERTEC appliquera la m\u00e9thodologie Test-Based-Model (TBM) et software-in-the-loop (SIL) \u00e0 l'ensemble du syst\u00e8me. La mod\u00e9lisation facilitera \u00e9galement le d\u00e9veloppement de crit\u00e8res \u00ab d'identification des modes d\u00e9grad\u00e9s \u00bb, de \u00ab mod\u00e8les de reconfiguration \u00bb et du protocole AFDX.<br><br>\nApr\u00e8s une porte de d\u00e9cision (si d\u00e9cision GO), le mod\u00e8le sera mis \u00e0 jour selon les exigences et les sp\u00e9cifications TRL6, et les activit\u00e9s pour ex\u00e9cuter toutes les fonctionnalit\u00e9s de l'AS-DISCO. Le processus de v\u00e9rification et de validation sera \u00e9galement effectu\u00e9 dans le d\u00e9monstrateur du syst\u00e8me Platform3. Les preuves et les r\u00e9sultats seront rassembl\u00e9s dans un rapport pour \u00e9valuer la maturit\u00e9 du d\u00e9veloppement AS-DISCO au niveau TRL6.<\/p>","protected":false},"excerpt":{"rendered":"<p>Audio Suite for Disruptive Cockpit Demonstrator From self-driving cars to self-flying aeroplanes, the automotive industry\u2019s drive to bring greater autonomy and vehicles to market is spreading to the aviation industry. The next generation of aircraft will involve a greater use of technology in the cockpit, allowing the pilot to focus on tasks where human judgment,&hellip;&nbsp;<a href=\"https:\/\/as-disco.eu\/fr\/\" rel=\"bookmark\">Read More &raquo;<span class=\"screen-reader-text\">AS DISCO<\/span><\/a><\/p>","protected":false},"author":1,"featured_media":57,"parent":0,"menu_order":0,"comment_status":"closed","ping_status":"closed","template":"","meta":{"neve_meta_sidebar":"","neve_meta_container":"","neve_meta_enable_content_width":"","neve_meta_content_width":0,"neve_meta_title_alignment":"","neve_meta_author_avatar":"","neve_post_elements_order":"","neve_meta_disable_header":"","neve_meta_disable_footer":"","neve_meta_disable_title":"","footnotes":""},"class_list":["post-40","page","type-page","status-publish","has-post-thumbnail","hentry"],"_links":{"self":[{"href":"https:\/\/as-disco.eu\/fr\/wp-json\/wp\/v2\/pages\/40","targetHints":{"allow":["GET"]}}],"collection":[{"href":"https:\/\/as-disco.eu\/fr\/wp-json\/wp\/v2\/pages"}],"about":[{"href":"https:\/\/as-disco.eu\/fr\/wp-json\/wp\/v2\/types\/page"}],"author":[{"embeddable":true,"href":"https:\/\/as-disco.eu\/fr\/wp-json\/wp\/v2\/users\/1"}],"replies":[{"embeddable":true,"href":"https:\/\/as-disco.eu\/fr\/wp-json\/wp\/v2\/comments?post=40"}],"version-history":[{"count":7,"href":"https:\/\/as-disco.eu\/fr\/wp-json\/wp\/v2\/pages\/40\/revisions"}],"predecessor-version":[{"id":121,"href":"https:\/\/as-disco.eu\/fr\/wp-json\/wp\/v2\/pages\/40\/revisions\/121"}],"wp:featuredmedia":[{"embeddable":true,"href":"https:\/\/as-disco.eu\/fr\/wp-json\/wp\/v2\/media\/57"}],"wp:attachment":[{"href":"https:\/\/as-disco.eu\/fr\/wp-json\/wp\/v2\/media?parent=40"}],"curies":[{"name":"wp","href":"https:\/\/api.w.org\/{rel}","templated":true}]}}